{"id":53,"date":"2025-05-26T16:55:55","date_gmt":"2025-05-26T16:55:55","guid":{"rendered":"https:\/\/zimmervermietung-verheyen.de\/?page_id=53"},"modified":"2025-06-23T11:41:09","modified_gmt":"2025-06-23T11:41:09","slug":"home-2","status":"publish","type":"page","link":"https:\/\/zimmervermietung-verheyen.de\/uk","title":{"rendered":"\u0413\u043e\u043b\u043e\u0432\u043d\u0430 \u0441\u0442\u043e\u0440\u0456\u043d\u043a\u0430"},"content":{"rendered":"<div data-elementor-type=\"wp-page\" data-elementor-id=\"53\" class=\"elementor elementor-53\" data-elementor-post-type=\"page\">\n\t\t\t\t<div class=\"elementor-element elementor-element-00a354b e-con-full e-flex wpr-particle-no wpr-jarallax-no wpr-parallax-no wpr-sticky-section-no wpr-equal-height-no e-con e-parent\" data-id=\"00a354b\" data-element_type=\"container\" data-e-type=\"container\" data-settings=\"{&quot;background_background&quot;:&quot;classic&quot;}\">\n\t\t\t\t<div class=\"elementor-element elementor-element-b732d18 elementor-widget elementor-widget-heading\" data-id=\"b732d18\" data-element_type=\"widget\" data-e-type=\"widget\" data-widget_type=\"heading.default\">\n\t\t\t\t<div class=\"elementor-widget-container\">\n\t\t\t\t\t<h2 class=\"elementor-heading-title elementor-size-default\">\u043c\u0456\u0441\u044c\u043a\u0456 \u043a\u0432\u0430\u0440\u0442\u0438\u0440\u0438 \u0431\u0456\u043b\u0435\u0444\u0435\u043b\u044c\u0434<\/h2>\t\t\t\t<\/div>\n\t\t\t\t<\/div>\n\t\t\t\t<div class=\"elementor-element elementor-element-83237ab elementor-widget elementor-widget-heading\" data-id=\"83237ab\" data-element_type=\"widget\" data-e-type=\"widget\" data-widget_type=\"heading.default\">\n\t\t\t\t<div class=\"elementor-widget-container\">\n\t\t\t\t\t<h2 class=\"elementor-heading-title elementor-size-default\">\u041a\u0432\u0430\u0440\u0442\u0438\u0440\u0438 \u0442\u0430 \u043f\u0440\u0438\u0432\u0430\u0442\u043d\u0456 \u043a\u0456\u043c\u043d\u0430\u0442\u0438 \u0432 \u0411\u0456\u043b\u0435\u0444\u0435\u043b\u044c\u0434\u0456<\/h2>\t\t\t\t<\/div>\n\t\t\t\t<\/div>\n\t\t\t\t<div class=\"elementor-element elementor-element-492c695 elementor-widget elementor-widget-heading\" data-id=\"492c695\" data-element_type=\"widget\" data-e-type=\"widget\" data-widget_type=\"heading.default\">\n\t\t\t\t<div class=\"elementor-widget-container\">\n\t\t\t\t\t<h2 class=\"elementor-heading-title elementor-size-default\">\u041c\u043e\u0436\u043b\u0438\u0432\u0435 \u043a\u043e\u0440\u043e\u0442\u043a\u043e\u0441\u0442\u0440\u043e\u043a\u043e\u0432\u0435 \u0431\u0440\u043e\u043d\u044e\u0432\u0430\u043d\u043d\u044f!<\/h2>\t\t\t\t<\/div>\n\t\t\t\t<\/div>\n\t\t\t\t<div class=\"elementor-element elementor-element-7486435 elementor-align-center elementor-widget elementor-widget-button\" data-id=\"7486435\" data-element_type=\"widget\" data-e-type=\"widget\" data-widget_type=\"button.default\">\n\t\t\t\t<div class=\"elementor-widget-container\">\n\t\t\t\t\t\t\t\t\t<div class=\"elementor-button-wrapper\">\n\t\t\t\t\t<a class=\"elementor-button elementor-button-link elementor-size-sm\" href=\"https:\/\/zimmervermietung-verheyen.de\/accommodation\/\">\n\t\t\t\t\t\t<span class=\"elementor-button-content-wrapper\">\n\t\t\t\t\t\t\t\t\t<span class=\"elementor-button-text\">\u0411\u0440\u043e\u043d\u044e\u0439\u0442\u0435 \u0437\u0430\u0440\u0430\u0437<\/span>\n\t\t\t\t\t<\/span>\n\t\t\t\t\t<\/a>\n\t\t\t\t<\/div>\n\t\t\t\t\t\t\t\t<\/div>\n\t\t\t\t<\/div>\n\t\t\t\t<\/div>\n\t\t<div class=\"elementor-element elementor-element-e05d6d8 e-flex e-con-boxed wpr-particle-no wpr-jarallax-no wpr-parallax-no wpr-sticky-section-no wpr-equal-height-no e-con e-parent\" data-id=\"e05d6d8\" data-element_type=\"container\" data-e-type=\"container\">\n\t\t\t\t\t<div class=\"e-con-inner\">\n\t\t<div class=\"elementor-element elementor-element-bec2e01 e-con-full e-flex wpr-particle-no wpr-jarallax-no wpr-parallax-no wpr-sticky-section-no wpr-equal-height-no e-con e-child\" data-id=\"bec2e01\" data-element_type=\"container\" data-e-type=\"container\" data-settings=\"{&quot;background_background&quot;:&quot;classic&quot;}\">\n\t\t\t\t<\/div>\n\t\t<div class=\"elementor-element elementor-element-4176d52 e-con-full e-flex wpr-particle-no wpr-jarallax-no wpr-parallax-no wpr-sticky-section-no wpr-equal-height-no e-con e-child\" data-id=\"4176d52\" data-element_type=\"container\" data-e-type=\"container\">\n\t\t\t\t<div class=\"elementor-element elementor-element-2294730 elementor-widget elementor-widget-heading\" data-id=\"2294730\" data-element_type=\"widget\" data-e-type=\"widget\" data-widget_type=\"heading.default\">\n\t\t\t\t<div class=\"elementor-widget-container\">\n\t\t\t\t\t<h2 class=\"elementor-heading-title elementor-size-default\">\u041f\u0440\u043e \u043d\u0430\u0441<\/h2>\t\t\t\t<\/div>\n\t\t\t\t<\/div>\n\t\t\t\t<div class=\"elementor-element elementor-element-6b8a9b3 elementor-widget elementor-widget-text-editor\" data-id=\"6b8a9b3\" data-element_type=\"widget\" data-e-type=\"widget\" data-widget_type=\"text-editor.default\">\n\t\t\t\t<div class=\"elementor-widget-container\">\n\t\t\t\t\t\t\t\t\t<p>\u041c\u0438 \u043f\u0440\u043e\u043f\u043e\u043d\u0443\u0454\u043c\u043e \u0434\u043e\u0441\u0442\u0443\u043f\u043d\u0456 \u043a\u0432\u0430\u0440\u0442\u0438\u0440\u0438 \u0442\u0430 \u043a\u0456\u043c\u043d\u0430\u0442\u0438 \u0432 \u0411\u0456\u043b\u0435\u0444\u0435\u043b\u044c\u0434\u0456, \u041d\u0456\u043c\u0435\u0447\u0447\u0438\u043d\u0430, \u043f\u0440\u0438\u0441\u0442\u043e\u0441\u043e\u0432\u0430\u043d\u0456 \u0434\u043e \u043f\u043e\u0442\u0440\u0435\u0431 \u0433\u043e\u0441\u0442\u0435\u0439, \u044f\u043a\u0456 \u043e\u0440\u0456\u0454\u043d\u0442\u0443\u044e\u0442\u044c\u0441\u044f \u043d\u0430 \u0446\u0456\u043d\u0443. \u041d\u0430\u0448\u0430 \u043e\u0441\u043d\u043e\u0432\u043d\u0430 \u0443\u0432\u0430\u0433\u0430 \u043f\u0440\u0438\u0434\u0456\u043b\u044f\u0454\u0442\u044c\u0441\u044f \u0436\u0438\u0442\u043b\u0443 \u0434\u043b\u044f \u043c\u043e\u043d\u0442\u0430\u0436\u043d\u0438\u043a\u0456\u0432, \u0441\u0442\u0443\u0434\u0435\u043d\u0442\u0456\u0432 \u0442\u0430 \u0433\u043e\u0441\u0442\u0435\u0439, \u044f\u043a\u0456 \u0448\u0443\u043a\u0430\u044e\u0442\u044c \u043a\u043e\u0440\u043e\u0442\u043a\u043e\u0441\u0442\u0440\u043e\u043a\u043e\u0432\u0435 \u0430\u0431\u043e \u0434\u043e\u0432\u0433\u043e\u0441\u0442\u0440\u043e\u043a\u043e\u0432\u0435 \u0436\u0438\u0442\u043b\u043e.<span style=\"font-style: inherit; font-weight: inherit;\">\u00a0\u041f\u0440\u0438\u0432\u0430\u0442\u043d\u0435 \u0436\u0438\u0442\u043b\u043e \u0437 \u043a\u0443\u0445\u043d\u0435\u044e \u0442\u0430 \u043d\u0430\u0439\u0432\u0430\u0436\u043b\u0438\u0432\u0456\u0448\u0438\u043c\u0438 \u0437\u0440\u0443\u0447\u043d\u043e\u0441\u0442\u044f\u043c\u0438 \u043f\u043e\u0440\u0443\u0447 \u0456\u0437 \u0442\u0440\u0430\u043d\u0441\u043f\u043e\u0440\u0442\u043d\u0438\u043c \u0441\u043f\u043e\u043b\u0443\u0447\u0435\u043d\u043d\u044f\u043c \u0442\u0430 \u043c\u0456\u0441\u044c\u043a\u043e\u044e \u0456\u043d\u0444\u0440\u0430\u0441\u0442\u0440\u0443\u043a\u0442\u0443\u0440\u043e\u044e. \u041d\u0430\u0448\u0430 \u043c\u0435\u0442\u0430 - \u0437\u0430\u043f\u0440\u043e\u043f\u043e\u043d\u0443\u0432\u0430\u0442\u0438 \u043f\u0440\u0430\u043a\u0442\u0438\u0447\u043d\u0456 \u0442\u0430 \u0437\u0440\u0443\u0447\u043d\u0456 \u0436\u0438\u0442\u043b\u043e\u0432\u0456 \u043f\u0440\u0438\u043c\u0456\u0449\u0435\u043d\u043d\u044f, \u044f\u043a\u0456 \u0437\u0440\u043e\u0431\u043b\u044f\u0442\u044c \u0432\u0430\u0448\u0435 \u043f\u0435\u0440\u0435\u0431\u0443\u0432\u0430\u043d\u043d\u044f \u043c\u0430\u043a\u0441\u0438\u043c\u0430\u043b\u044c\u043d\u043e \u043a\u043e\u043c\u0444\u043e\u0440\u0442\u043d\u0438\u043c \u0442\u0430 \u0437\u0440\u0443\u0447\u043d\u0438\u043c.<\/span><\/p>\t\t\t\t\t\t\t\t<\/div>\n\t\t\t\t<\/div>\n\t\t\t\t<\/div>\n\t\t\t\t\t<\/div>\n\t\t\t\t<\/div>\n\t\t<div class=\"elementor-element elementor-element-eb512da e-flex e-con-boxed wpr-particle-no wpr-jarallax-no wpr-parallax-no wpr-sticky-section-no wpr-equal-height-no e-con e-parent\" data-id=\"eb512da\" data-element_type=\"container\" data-e-type=\"container\">\n\t\t\t\t\t<div class=\"e-con-inner\">\n\t\t\t\t<div class=\"elementor-element elementor-element-3914210 elementor-widget elementor-widget-html\" data-id=\"3914210\" data-element_type=\"widget\" data-e-type=\"widget\" data-widget_type=\"html.default\">\n\t\t\t\t<div class=\"elementor-widget-container\">\n\t\t\t\t\t<a href=\"https:\/\/www.deutschland-monteurzimmer.de\" target=\"_blank\"><img decoding=\"async\" src=\"https:\/\/www.deutschland-monteurzimmer.de\/images\/siegel\/monteurzimmer-vermieter-siegel1.png\"><\/a>\t\t\t\t<\/div>\n\t\t\t\t<\/div>\n\t\t\t\t\t<\/div>\n\t\t\t\t<\/div>\n\t\t\t\t<\/div>","protected":false},"excerpt":{"rendered":"<p>stadtwohnungen bielefeld Wohnungen und Privatzimmer in Bielefeld Kurzfristige Buchungen sind m\u00f6glich! Jetzt buchen \u00dcber uns Wir bieten erschwingliche Wohnungen und Zimmer in Bielefeld, Deutschland, die auf die Bed\u00fcrfnisse von preisbewussten G\u00e4sten zugeschnitten sind. Unser Hauptaugenmerk liegt auf der Unterbringung von Monteuren, Studierenden und G\u00e4sten, die f\u00fcr einen kurzen oder einen l\u00e4ngeren Zeitraum eine\u00a0Privatunterkunft\u00a0mit Kochm\u00f6glichkeit und\u00a0den wichtigsten Annehmlichkeiten in der N\u00e4he von Verkehrsverbindungen und st\u00e4dtischer Infrastruktur ben\u00f6tigen. Unser Ziel ist es, praktische und komfortable Wohnr\u00e4ume anzubieten, die ihren Aufenthalt so reibungslos und bequem wie m\u00f6glich gestalten.<\/p>","protected":false},"author":1,"featured_media":0,"parent":0,"menu_order":0,"comment_status":"closed","ping_status":"closed","template":"elementor_header_footer","meta":{"site-sidebar-layout":"no-sidebar","site-content-layout":"","ast-site-content-layout":"full-width-container","site-content-style":"default","site-sidebar-style":"default","ast-global-header-display":"","ast-banner-title-visibility":"","ast-main-header-display":"","ast-hfb-above-header-display":"","ast-hfb-below-header-display":"","ast-hfb-mobile-header-display":"","site-post-title":"","ast-breadcrumbs-content":"","ast-featured-img":"disabled","footer-sml-layout":"","ast-disable-related-posts":"","theme-transparent-header-meta":"","adv-header-id-meta":"","stick-header-meta":"","header-above-stick-meta":"","header-main-stick-meta":"","header-below-stick-meta":"","astra-migrate-meta-layouts":"default","ast-page-background-enabled":"default","ast-page-background-meta":{"desktop":{"background-color":"var(--ast-global-color-5)","background-image":"","background-repeat":"repeat","background-position":"center center","background-size":"auto","background-attachment":"scroll","background-type":"","background-media":"","overlay-type":"","overlay-color":"","overlay-opacity":"","overlay-gradient":""},"tablet":{"background-color":"","background-image":"","background-repeat":"repeat","background-position":"center center","background-size":"auto","background-attachment":"scroll","background-type":"","background-media":"","overlay-type":"","overlay-color":"","overlay-opacity":"","overlay-gradient":""},"mobile":{"background-color":"","background-image":"","background-repeat":"repeat","background-position":"center center","background-size":"auto","background-attachment":"scroll","background-type":"","background-media":"","overlay-type":"","overlay-color":"","overlay-opacity":"","overlay-gradient":""}},"ast-content-background-meta":{"desktop":{"background-color":"var(--ast-global-color-4)","background-image":"","background-repeat":"repeat","background-position":"center center","background-size":"auto","background-attachment":"scroll","background-type":"","background-media":"","overlay-type":"","overlay-color":"","overlay-opacity":"","overlay-gradient":""},"tablet":{"background-color":"var(--ast-global-color-4)","background-image":"","background-repeat":"repeat","background-position":"center center","background-size":"auto","background-attachment":"scroll","background-type":"","background-media":"","overlay-type":"","overlay-color":"","overlay-opacity":"","overlay-gradient":""},"mobile":{"background-color":"var(--ast-global-color-4)","background-image":"","background-repeat":"repeat","background-position":"center center","background-size":"auto","background-attachment":"scroll","background-type":"","background-media":"","overlay-type":"","overlay-color":"","overlay-opacity":"","overlay-gradient":""}},"footnotes":""},"class_list":["post-53","page","type-page","status-publish","hentry"],"aioseo_notices":[],"_links":{"self":[{"href":"https:\/\/zimmervermietung-verheyen.de\/uk\/wp-json\/wp\/v2\/pages\/53","targetHints":{"allow":["GET"]}}],"collection":[{"href":"https:\/\/zimmervermietung-verheyen.de\/uk\/wp-json\/wp\/v2\/pages"}],"about":[{"href":"https:\/\/zimmervermietung-verheyen.de\/uk\/wp-json\/wp\/v2\/types\/page"}],"author":[{"embeddable":true,"href":"https:\/\/zimmervermietung-verheyen.de\/uk\/wp-json\/wp\/v2\/users\/1"}],"replies":[{"embeddable":true,"href":"https:\/\/zimmervermietung-verheyen.de\/uk\/wp-json\/wp\/v2\/comments?post=53"}],"version-history":[{"count":130,"href":"https:\/\/zimmervermietung-verheyen.de\/uk\/wp-json\/wp\/v2\/pages\/53\/revisions"}],"predecessor-version":[{"id":1005,"href":"https:\/\/zimmervermietung-verheyen.de\/uk\/wp-json\/wp\/v2\/pages\/53\/revisions\/1005"}],"wp:attachment":[{"href":"https:\/\/zimmervermietung-verheyen.de\/uk\/wp-json\/wp\/v2\/media?parent=53"}],"curies":[{"name":"wp","href":"https:\/\/api.w.org\/{rel}","templated":true}]}}